{"id":57,"date":"2020-05-07T15:28:38","date_gmt":"2020-05-07T13:28:38","guid":{"rendered":"https:\/\/wbachleitner.ddns.net\/qigong_und_wohlbefinden\/?page_id=57"},"modified":"2021-04-14T15:37:22","modified_gmt":"2021-04-14T13:37:22","slug":"vorwort","status":"publish","type":"page","link":"https:\/\/wbachleitner.ddns.net\/","title":{"rendered":"Vorwort"},"content":{"rendered":"\n<p>Ich machte vor einiger Zeit eine Ausbildung zum diplomierten Qigong-Lehrer. Bei der Abschluss\u00fcbung ist es \u00fcblich, dass man eine \u00dcbung zieht. Aus 7 verschiedenen M\u00f6glichkeiten wird einem so eine zugeordnet und der Mythos sagt, dass diese \u00dcbung das ist, was man gerade f\u00fcr sein Leben braucht. Ich habe die 5. \u00dcbung gezogen. Diese wirkt auf das Halschakra. Ich war damals froh \u00fcber diese \u00dcbung. Sie gefiel mir mit ihrer t\u00e4nzerischen Art. <\/p>\n\n\n\n<p>In der Folge begann ich, mich mit tiefergehender Literatur zu besch\u00e4ftigen. Das in der Ausbildung Erlernte hat mich neugierig gemacht und so las ich viele der B\u00fccher aus der Literaturliste des Buches unserer Lehrer. Dabei entstand dann schnell ein Schwerpunkt: ich wollte mehr \u00fcber die TCM erfahren. So las ich seither wohl mehrere tausend Seiten und stellte fest, dass das viel mehr als nur der legend\u00e4re \u201egelbe Kaiser\u201c ist, dass da viel an Tradition, Forschung und Erfahrung dahintersteckt und dass es mit YIN und YANG und der Lehre der f\u00fcnf Elemente vor allem systemtheoretische Modelle gab, die auch f\u00fcr einen medizinischen Laien wie mich verst\u00e4ndlich und leicht anwendbar waren. Autoren wie Kaptchuk oder Maciocia 1 zeigten mir schnell, dass das keine so andere Welt war. Es war nur eine andere Sicht auf den menschlichen K\u00f6rper und die B\u00fccher dieser beiden f\u00fchrten mich in eine faszinierende Welt, \u00fcber die ich sch\u00f6n langsam zu begreifen lerne, wie das Leben funktioniert.<\/p>\n\n\n\n<p>Ich \u00fcbte flei\u00dfig Qigong und stellte dennoch eines Tages fest, dass meine Gesundheit nicht ganz in Ordnung war. So kam ich zur Ern\u00e4hrung und was lag n\u00e4her, als die Ern\u00e4hrung nach den f\u00fcnf Elemente zu studieren. Und wieder war da ein interessantes Erlebnis. Da war pl\u00f6tzlich die praktische Anwendung der TCM. Da gab es nun M\u00f6glichkeiten, au\u00dferhalb der Akupunktur und der Anwendung von medizinischen Kr\u00e4utern Einfluss auf unsere Gesundheit zu nehmen. Und auch wenn es in bestimmten Aussagen Widerspr\u00fcche gab, so stimmten die Aussagen doch im Wesentlichen \u00fcberein.<\/p>\n\n\n\n<p class=\"has-pale-cyan-blue-background-color has-background\"><strong>An dieser Stelle noch ein Hinweis zu den hier dargestellten Informationen: Diese Seite ist nicht zum Einstieg ins Thema geeignet. ich wende mich bewusst an Personen, die schon Wissen zu den hier angef\u00fchrten Themen besitzen.<\/strong><\/p>\n","protected":false},"excerpt":{"rendered":"<p>Ich machte vor einiger Zeit eine Ausbildung zum diplomierten Qigong-Lehrer. Bei der Abschluss\u00fcbung ist es \u00fcblich, dass man eine \u00dcbung zieht. Aus 7 verschiedenen M\u00f6glichkeiten wird einem so eine zugeordnet und der Mythos sagt, dass diese \u00dcbung das ist, was man gerade f\u00fcr sein Leben braucht. Ich habe die 5. \u00dcbung gezogen. Diese wirkt auf &hellip; <\/p>\n<p class=\"link-more\"><a href=\"https:\/\/wbachleitner.ddns.net\/\" class=\"more-link\"><span class=\"screen-reader-text\">\u201eVorwort\u201c<\/span> weiterlesen<\/a><\/p>\n","protected":false},"author":1,"featured_media":0,"parent":0,"menu_order":0,"comment_status":"open","ping_status":"closed","template":"","meta":{"footnotes":""},"class_list":["post-57","page","type-page","status-publish","hentry"],"_links":{"self":[{"href":"https:\/\/wbachleitner.ddns.net\/index.php\/wp-json\/wp\/v2\/pages\/57","targetHints":{"allow":["GET"]}}],"collection":[{"href":"https:\/\/wbachleitner.ddns.net\/index.php\/wp-json\/wp\/v2\/pages"}],"about":[{"href":"https:\/\/wbachleitner.ddns.net\/index.php\/wp-json\/wp\/v2\/types\/page"}],"author":[{"embeddable":true,"href":"https:\/\/wbachleitner.ddns.net\/index.php\/wp-json\/wp\/v2\/users\/1"}],"replies":[{"embeddable":true,"href":"https:\/\/wbachleitner.ddns.net\/index.php\/wp-json\/wp\/v2\/comments?post=57"}],"version-history":[{"count":4,"href":"https:\/\/wbachleitner.ddns.net\/index.php\/wp-json\/wp\/v2\/pages\/57\/revisions"}],"predecessor-version":[{"id":297,"href":"https:\/\/wbachleitner.ddns.net\/index.php\/wp-json\/wp\/v2\/pages\/57\/revisions\/297"}],"wp:attachment":[{"href":"https:\/\/wbachleitner.ddns.net\/index.php\/wp-json\/wp\/v2\/media?parent=57"}],"curies":[{"name":"wp","href":"https:\/\/api.w.org\/{rel}","templated":true}]}}