{"id":310,"date":"2021-05-02T15:57:26","date_gmt":"2021-05-02T13:57:26","guid":{"rendered":"https:\/\/wbachleitner.ddns.net\/?page_id=310"},"modified":"2021-11-02T12:39:57","modified_gmt":"2021-11-02T11:39:57","slug":"behandlungsmethoden-der-tcm","status":"publish","type":"page","link":"https:\/\/wbachleitner.ddns.net\/index.php\/behandlungsmethoden-der-tcm\/","title":{"rendered":"Behandlungsmethoden der TCM"},"content":{"rendered":"\n<p class=\"has-drop-cap has-vivid-cyan-blue-color has-white-background-color has-text-color has-background\">Ich bin kein Arzt und alles, was hier zu finden ist, beruht auf Literaturrecherchen und eigenen Erfahrungen. Ob jemand daraus etwas ableitet, ist jedem selbst \u00fcberlassen.<\/p>\n\n\n\n<p class=\"has-vivid-cyan-blue-color has-white-background-color has-text-color has-background\">Die TCM st\u00e4rkt unser Energiesystem und damit indirekt unsere Abwehrkr\u00e4fte. Eine Akupunkturbehandlung h\u00e4lt einen besipielsweise nicht davon ab, sofort danach eine Runde zu joggen. Dem K\u00f6rper wird dazu verholfen, sich selbst wieder zu heilen.<\/p>\n\n\n\n<p>Im Wesentlichen gibt es vier S\u00e4ulen in der chinesischen Medizin:<\/p>\n\n\n\n<ul class=\"wp-block-list\"><li>Heilung durch Bewegung (Qigong)<\/li><li>Heilung durch Massage (Tuina)<\/li><li>Heilung durch Kr\u00e4uter und<\/li><li>Heilung durch Akupunktur.<\/li><\/ul>\n\n\n\n<p>Qigong wird auf dieser Seite auch beschrieben (<a href=\"https:\/\/wbachleitner.ddns.net\/index.php\/qigong\/\">siehe hier<\/a>), Tuina ist nicht mein Bereich. Mein Wissen sowie meine Erfahrungen zu Kr\u00e4utern und Akupunktur m\u00f6chte ich nachstehend beschreiben.<\/p>\n\n\n\n<h3 class=\"wp-block-heading\">Wann verwendet man Kr\u00e4utermedizin und wann Akupunktur?<\/h3>\n\n\n\n<p>Prinzipiell braucht man noch Qi, also Energie, damit Akupunktur wirken kann. Dies kann die Ursprungsenergie der Nieren (Yuan-Qi) sein, was im Wesentlichen unsere Selbstheilungskr\u00e4fte sind oder aber auch die normale Energie, die unsere Organe und unsere Abwehrkr\u00e4fte versorgt. Also ist z.B. ein \u00dcberschuss (an Yang) wie eine Entz\u00fcndung oder auch ein Energiestau pr\u00e4destiniert f\u00fcr Akupunktur. Einen Mangel, vor allem einen Yin-Mangel (ein strukturelles Organproblem) kann man eventuell noch mit Yuan-Qi auff\u00fcllen (welches man auch \u00fcber Akupunktur aktivieren kann), in der Regel wird man sich dabei aber eher der Kr\u00e4utermedizin bedienen.<\/p>\n\n\n\n<p>Maciocia meint auch, dass er somatische Probleme eher mit Kr\u00e4utern, psychische Probleme mit Akupunktur behandelt. Eine Liste m\u00f6glicher Anwendungsf\u00e4lle aus Sicht der westlichen Medizin w\u00e4re u.a.:<a href=\"#sdfootnote1sym\"><sup>1<\/sup><\/a><\/p>\n\n\n\n<p>Allergien, Asthma, Suchtkrankheiten, Schlaflosigkeit, Pr\u00fcfungsangst, Depressionen, Stottern, Schmerzbehandlung<\/p>\n\n\n\n<p><a href=\"https:\/\/wbachleitner.ddns.net\/index.php\/2021\/10\/20\/kraeutermedizin\/\">Kr\u00e4utermedizin<\/a><\/p>\n\n\n\n<p><a href=\"https:\/\/wbachleitner.ddns.net\/index.php\/2021\/05\/02\/akupunktur-und-akupressur\/\">Akupunktur<\/a><\/p>\n\n\n\n<p><a href=\"https:\/\/wbachleitner.ddns.net\/wp-admin\/post.php?post=310&amp;action=edit#sdfootnote1anc\">1<\/a>Siehe Bahr[1], Seite 30f<\/p>\n","protected":false},"excerpt":{"rendered":"<p>Ich bin kein Arzt und alles, was hier zu finden ist, beruht auf Literaturrecherchen und eigenen Erfahrungen. Ob jemand daraus etwas ableitet, ist jedem selbst \u00fcberlassen. Die TCM st\u00e4rkt unser Energiesystem und damit indirekt unsere Abwehrkr\u00e4fte. Eine Akupunkturbehandlung h\u00e4lt einen besipielsweise nicht davon ab, sofort danach eine Runde zu joggen. Dem K\u00f6rper wird dazu verholfen, &hellip; <\/p>\n<p class=\"link-more\"><a href=\"https:\/\/wbachleitner.ddns.net\/index.php\/behandlungsmethoden-der-tcm\/\" class=\"more-link\"><span class=\"screen-reader-text\">\u201eBehandlungsmethoden der TCM\u201c<\/span> weiterlesen<\/a><\/p>\n","protected":false},"author":1,"featured_media":0,"parent":0,"menu_order":0,"comment_status":"closed","ping_status":"closed","template":"","meta":{"footnotes":""},"class_list":["post-310","page","type-page","status-publish","hentry"],"_links":{"self":[{"href":"https:\/\/wbachleitner.ddns.net\/index.php\/wp-json\/wp\/v2\/pages\/310","targetHints":{"allow":["GET"]}}],"collection":[{"href":"https:\/\/wbachleitner.ddns.net\/index.php\/wp-json\/wp\/v2\/pages"}],"about":[{"href":"https:\/\/wbachleitner.ddns.net\/index.php\/wp-json\/wp\/v2\/types\/page"}],"author":[{"embeddable":true,"href":"https:\/\/wbachleitner.ddns.net\/index.php\/wp-json\/wp\/v2\/users\/1"}],"replies":[{"embeddable":true,"href":"https:\/\/wbachleitner.ddns.net\/index.php\/wp-json\/wp\/v2\/comments?post=310"}],"version-history":[{"count":9,"href":"https:\/\/wbachleitner.ddns.net\/index.php\/wp-json\/wp\/v2\/pages\/310\/revisions"}],"predecessor-version":[{"id":403,"href":"https:\/\/wbachleitner.ddns.net\/index.php\/wp-json\/wp\/v2\/pages\/310\/revisions\/403"}],"wp:attachment":[{"href":"https:\/\/wbachleitner.ddns.net\/index.php\/wp-json\/wp\/v2\/media?parent=310"}],"curies":[{"name":"wp","href":"https:\/\/api.w.org\/{rel}","templated":true}]}}