{"id":2,"date":"2020-05-05T10:29:50","date_gmt":"2020-05-05T08:29:50","guid":{"rendered":"https:\/\/wbachleitner.ddns.net\/?page_id=2"},"modified":"2025-01-23T12:11:05","modified_gmt":"2025-01-23T11:11:05","slug":"beispiel-seite","status":"publish","type":"page","link":"https:\/\/wbachleitner.ddns.net\/index.php\/beispiel-seite\/","title":{"rendered":"Qigong-\u00dcbungen"},"content":{"rendered":"\n<p class=\"has-drop-cap has-text-color\" style=\"color:#085475\">Ich m\u00f6chte in der Folge einige \u00dcbungen herausgreifen und versuchen, sie zu beschreiben. Es ist insofern ein Versuch, als schon viele daran gescheitert sind, Qigong-\u00dcbungen schriftlich zu beschreiben und mittlerweile sogar davon abraten, das zu tun.<br>Ich selbst habe einige \u00dcbungen aus B\u00fcchern gelernt und nachher in Kursen festgestellt, dass es mir gar nicht so schlecht gelungen ist. Es ist also nicht unm\u00f6glich, aber es ist schwierig. Wer die hier beschriebenen \u00dcbungen anhand meiner Vorgaben lernen will, dem sei Folgendes mitgegeben:<\/p>\n\n\n\n<p>Nur wer vor hat, t\u00e4glich zu \u00fcben (oder zumindest 80% der Tage), wird mit Qigong etwas erreichen.<\/p>\n\n\n\n<p>Man sollte mit dem Text m\u00f6glichst schnell einmal durch die \u00dcbung durchkommen, indem man versucht, einmal die wesentlichen Bausteine zu verstehen. Auch wenn es vielleicht schwer f\u00e4llt, es sich vorzustellen, was da gemeint ist, erh\u00e4lt man durch das Tun dann die Gewissheit, dass man es richtig macht, also einfach nur tun.<\/p>\n\n\n\n<p>In einer weiteren Phase, wenn man also schon ohne Text \u00fcbt, muss man diesen im Nachhinein nehmen, um sich selbst so lange zu korrigieren, bis man alle Einzelheiten beherrscht.<\/p>\n\n\n\n<p>Erst danach beginnt das wirkliche \u00dcben, auch wenn diese Korrekturphase bereits ein Ann\u00e4hern an die Wirkungen des Qigongs ist.<\/p>\n\n\n\n<p>Es ist an dieser Stelle wichtig zu wissen, dass im Qigong der folgende Grundsatz gilt: Die Energie folgt der Aufmerksamkeit (und das Blut der Energie). Daher muss die Aufmerksamkeit bei dieser \u00dcbung wie beschrieben gelenkt werden. Wenn wir die H\u00e4nde nach unten bewegen, geht auch die Aufmerksamkeit nach unten.<\/p>\n\n\n\n<p>Am Beispiel Morgen\u00fcbung: diese wirkt auf das Metall und darf daher nur in der Zeit zwischen 3 und 7 Uhr Sonnenstand ge\u00fcbt werden (also in der Sommerzeit erst ab 4 Uhr), die \u00dcbung dauert etwas 15 Minuten. Wenn man danach noch eine zeitlang meditiert, reicht das f\u00fcr den Tag.<\/p>\n\n\n\n<p>Zum Umsetzen dieser Anweisungen habe ich mich entschieden, die \u00dcbungen zweimal zu beschreiben. Beim ersten Mal (\u201edie physische \u00dcbung\u201c) werde ich nur die Bewegungen und die Atmung beschreiben, beim zweiten Mal (\u201edie energetische \u00dcbung\u201c) das, was mich bewegt, wenn ich die \u00dcbung mache.<br>Dies verk\u00fcrzt die Darstellung der \u00dcbung auf das Wesentliche und stellt au\u00dferdem das dar, was den \u00dcbenden erwartet. Zuerst ist es eine physische \u00dcbung, mit der Zeit wird es eine energetische. Diese kann sich auch bei jedem etwas anders auswirken, weil einen Qigong dort abholt, wo man steht. Die erste Beschreibung soll auch eine absolute sein. Die \u00dcbung wird pers\u00f6nlich mit der Zeit und das ist auch gut so. Sie holt einen dort ab, wo man steht und geht auf die jeweiligen Eigenheiten ein. Allerdings sollte jeder an derselben Stelle beginnen. Das ist ein wesentlicher Grund, warum ich die \u00dcbungen hier gegen anderslautenden Ratschl\u00e4gen niederschreibe: um sie zu konservieren!<br>Das soll hei\u00dfen, dass die \u00dcbung die pers\u00f6nlichen Blockaden l\u00f6st und die Sensationen damit an v\u00f6llig unterschiedlichen Stellen auftreten k\u00f6nnen. Ich m\u00f6chte aber dennoch aufzeigen, was die \u00dcbung bewirken kann und wie man sich dann verh\u00e4lt.<\/p>\n\n\n\n<p>Die folgenden \u00dcbungen habe ich bisher beschrieben:<\/p>\n\n\n\n<p><a href=\"https:\/\/wbachleitner.ddns.net\/qigong_und_wohlbefinden\/?p=5\">Morgen\u00fcbung<\/a><\/p>\n\n\n\n<p><a href=\"https:\/\/wbachleitner.ddns.net\/qigong_und_wohlbefinden\/?p=1\">Augenqigong<\/a><\/p>\n\n\n\n<div class=\"wp-block-group\"><div class=\"wp-block-group__inner-container is-layout-flow wp-block-group-is-layout-flow\">\n<p><a href=\"https:\/\/wbachleitner.ddns.net\/qigong_und_wohlbefinden\/?p=114\">Fan Huan Gong (1)<\/a><\/p>\n\n\n\n<p><a href=\"https:\/\/wbachleitner.ddns.net\/index.php\/2021\/03\/26\/die-zweite-fan-huan-gong-hendan-riyue-sonne-und-mond-auf-einer-tragstange-tragen\/\">Fan Huan Gong (2)<\/a><\/p>\n\n\n\n<p><a href=\"https:\/\/wbachleitner.ddns.net\/index.php\/2021\/04\/05\/die-dritte-fan-huan-gong\/\">Fan Huan Gong (3)<\/a><\/p>\n\n\n\n<p><a href=\"https:\/\/wbachleitner.ddns.net\/index.php\/2021\/04\/06\/die-vierte-fan-huan-gong\/\">Fan Huan Gong (4)<\/a><\/p>\n\n\n\n<p><a href=\"https:\/\/wbachleitner.ddns.net\/?p=302\">Fan Huan Gong (5)<\/a><\/p>\n\n\n\n<p><a href=\"https:\/\/wbachleitner.ddns.net\/index.php\/2021\/05\/17\/die-sechste-fan-huan-gong\/\">Fan Huan Gong (6)<\/a><\/p>\n<\/div><\/div>\n\n\n\n<p><a href=\"https:\/\/wbachleitner.ddns.net\/index.php\/2022\/08\/07\/die-siebte-fan-huan-gong\/\" data-type=\"link\" data-id=\"https:\/\/wbachleitner.ddns.net\/index.php\/2022\/08\/07\/die-siebte-fan-huan-gong\/\">Fan Huan Gong (7)<\/a><\/p>\n\n\n\n<p><a href=\"https:\/\/wbachleitner.ddns.net\/index.php\/2023\/08\/28\/die-achte-fan-huan-gong\/\">Fan Huan Gong (8)<\/a><\/p>\n\n\n\n<p><a href=\"https:\/\/wbachleitner.ddns.net\/index.php\/2021\/03\/26\/die-meditation\/\">Die Meditation<\/a><\/p>\n\n\n\n<p><a href=\"https:\/\/wbachleitner.ddns.net\/index.php\/2021\/03\/26\/abschlussuebung-dreifaches-reiben\/\">Abschluss\u00fcbung<\/a><\/p>\n\n\n\n<div class=\"wp-block-group\"><div class=\"wp-block-group__inner-container is-layout-flow wp-block-group-is-layout-flow\">\n<p class=\"has-pale-cyan-blue-background-color has-background\" style=\"line-height:1.4\"><strong>Es gibt zwar immer wieder die Empfehlung, Qigong nur unter Anwesenheit eines Lehrers zu lernen. Nach vielen Jahren Erfahrung kann ich dem nicht zustimmen. Allerdings kann ich mir unter Kenntnis der M\u00f6glichkeiten, Energie bewusst oder unbewusst zu lenken und daraus resultierender Probleme folgendes vorstellen:<\/strong><\/p>\n\n\n\n<p class=\"has-pale-cyan-blue-background-color has-background\" style=\"line-height:1.4\"><strong>Wenn man die Energie zu sehr nach oben (in den Kopf) lenkt, kann dies zu Symptomen wie Kopfschmerzen f\u00fchren. Deshalb ist es wichtig, die Energie immer wieder ganz bewusst nach unten zu f\u00fchren, &#8222;sich zu erden&#8220;. Deshalb konzentrieren wir uns auch als wesentlichen Punkt immer wieder auf das untere Dantian. \u00dcberhaupt w\u00fcrde ich mit der Energielenkung als Anf\u00e4nger sehr vorsichtig sein und mit einem Lehrer reden, bevor ich hier eigene Erfahrungen sammle. <\/strong><\/p>\n\n\n\n<p class=\"has-pale-cyan-blue-background-color has-background\" style=\"line-height:1.4\"><strong>Es gibt auch spezielle Qigong-Arten, die die Energie auf eine bestimmte Art verwenden, z.B. die Kampfk\u00fcnste. Dies ist ein anderes Kapitel und soll hier nicht weiter er\u00f6rtert werden.<\/strong><\/p>\n\n\n\n<p class=\"has-pale-cyan-blue-background-color has-background\" style=\"line-height:1.4\"><strong>Ansonsten ist Qigong ein Mittel zur Steigerung des Wohlbefindens und kann auch alleine angewendet werden. Solltet ihr dennoch zu Beschwerden kommen, die ihr auf Qigong zur\u00fcckf\u00fchrt, so lasst mich das bitte schnellstm\u00f6glich wissen.<\/strong><\/p>\n<\/div><\/div>\n","protected":false},"excerpt":{"rendered":"<p>Ich m\u00f6chte in der Folge einige \u00dcbungen herausgreifen und versuchen, sie zu beschreiben. Es ist insofern ein Versuch, als schon viele daran gescheitert sind, Qigong-\u00dcbungen schriftlich zu beschreiben und mittlerweile sogar davon abraten, das zu tun.Ich selbst habe einige \u00dcbungen aus B\u00fcchern gelernt und nachher in Kursen festgestellt, dass es mir gar nicht so schlecht &hellip; <\/p>\n<p class=\"link-more\"><a href=\"https:\/\/wbachleitner.ddns.net\/index.php\/beispiel-seite\/\" class=\"more-link\"><span class=\"screen-reader-text\">\u201eQigong-\u00dcbungen\u201c<\/span> weiterlesen<\/a><\/p>\n","protected":false},"author":1,"featured_media":0,"parent":0,"menu_order":0,"comment_status":"open","ping_status":"open","template":"","meta":{"footnotes":""},"class_list":["post-2","page","type-page","status-publish","hentry"],"_links":{"self":[{"href":"https:\/\/wbachleitner.ddns.net\/index.php\/wp-json\/wp\/v2\/pages\/2","targetHints":{"allow":["GET"]}}],"collection":[{"href":"https:\/\/wbachleitner.ddns.net\/index.php\/wp-json\/wp\/v2\/pages"}],"about":[{"href":"https:\/\/wbachleitner.ddns.net\/index.php\/wp-json\/wp\/v2\/types\/page"}],"author":[{"embeddable":true,"href":"https:\/\/wbachleitner.ddns.net\/index.php\/wp-json\/wp\/v2\/users\/1"}],"replies":[{"embeddable":true,"href":"https:\/\/wbachleitner.ddns.net\/index.php\/wp-json\/wp\/v2\/comments?post=2"}],"version-history":[{"count":26,"href":"https:\/\/wbachleitner.ddns.net\/index.php\/wp-json\/wp\/v2\/pages\/2\/revisions"}],"predecessor-version":[{"id":536,"href":"https:\/\/wbachleitner.ddns.net\/index.php\/wp-json\/wp\/v2\/pages\/2\/revisions\/536"}],"wp:attachment":[{"href":"https:\/\/wbachleitner.ddns.net\/index.php\/wp-json\/wp\/v2\/media?parent=2"}],"curies":[{"name":"wp","href":"https:\/\/api.w.org\/{rel}","templated":true}]}}